{"id":1411,"date":"2019-09-06T14:53:15","date_gmt":"2019-09-06T14:53:15","guid":{"rendered":"https:\/\/afiador.pt\/?post_type=product&#038;p=1411"},"modified":"2019-09-09T19:16:06","modified_gmt":"2019-09-09T18:16:06","slug":"alicate-mundial-722-afiado","status":"publish","type":"product","link":"https:\/\/afiador.pt\/?product=alicate-mundial-722-afiado","title":{"rendered":"Alicate Mundial j\u00e1 Afiado 722"},"content":{"rendered":"<p>Compre o seu Alicate de Cut\u00edcula 722 da Mundial j\u00e1 Afiado. A Mundial \u00e9 l\u00edder de mercado na produ\u00e7\u00e3o e na qualidade dos seus produto<\/p>\n","protected":false},"excerpt":{"rendered":"<p>Seu Alicate Mundial 722 Afiado<\/p>\n","protected":false},"featured_media":1472,"comment_status":"open","ping_status":"closed","template":"","meta":[],"product_brand":[],"product_cat":[34],"product_tag":[],"class_list":{"0":"post-1411","1":"product","2":"type-product","3":"status-publish","4":"has-post-thumbnail","6":"product_cat-alicate","8":"first","9":"instock","10":"sale","11":"shipping-taxable","12":"purchasable","13":"product-type-simple","14":"customify-col","15":"product-has-gallery"},"_links":{"self":[{"href":"https:\/\/afiador.pt\/index.php?rest_route=\/wp\/v2\/product\/1411","targetHints":{"allow":["GET"]}}],"collection":[{"href":"https:\/\/afiador.pt\/index.php?rest_route=\/wp\/v2\/product"}],"about":[{"href":"https:\/\/afiador.pt\/index.php?rest_route=\/wp\/v2\/types\/product"}],"replies":[{"embeddable":true,"href":"https:\/\/afiador.pt\/index.php?rest_route=%2Fwp%2Fv2%2Fcomments&post=1411"}],"wp:featuredmedia":[{"embeddable":true,"href":"https:\/\/afiador.pt\/index.php?rest_route=\/wp\/v2\/media\/1472"}],"wp:attachment":[{"href":"https:\/\/afiador.pt\/index.php?rest_route=%2Fwp%2Fv2%2Fmedia&parent=1411"}],"wp:term":[{"taxonomy":"product_brand","embeddable":true,"href":"https:\/\/afiador.pt\/index.php?rest_route=%2Fwp%2Fv2%2Fproduct_brand&post=1411"},{"taxonomy":"product_cat","embeddable":true,"href":"https:\/\/afiador.pt\/index.php?rest_route=%2Fwp%2Fv2%2Fproduct_cat&post=1411"},{"taxonomy":"product_tag","embeddable":true,"href":"https:\/\/afiador.pt\/index.php?rest_route=%2Fwp%2Fv2%2Fproduct_tag&post=1411"}],"curies":[{"name":"wp","href":"https:\/\/api.w.org\/{rel}","templated":true}]}}