{"id":1419,"date":"2019-09-06T15:51:08","date_gmt":"2019-09-06T14:51:08","guid":{"rendered":"https:\/\/afiador.pt\/?post_type=product&#038;p=1419"},"modified":"2021-08-31T14:38:11","modified_gmt":"2021-08-31T13:38:11","slug":"alicate-mundial-afiado-772-cabo-longo","status":"publish","type":"product","link":"https:\/\/afiador.pt\/?product=alicate-mundial-afiado-772-cabo-longo","title":{"rendered":"Alicate Mundial j\u00e1 Afiado 772 Cabo Longo"},"content":{"rendered":"<p>Compre o seu Alicate de Cut\u00edcula 772 da Mundial j\u00e1 Afiado. A Mundial \u00e9 l\u00edder de mercado na produ\u00e7\u00e3o e na qualidade dos seus produto<\/p>\n","protected":false},"excerpt":{"rendered":"<p>Compre o seu Alicate de Cut\u00edcula 772 da Mundial j\u00e1 Afiado. A Mundial \u00e9 l\u00edder de mercado na produ\u00e7\u00e3o e na qualidade dos seus produto<\/p>\n","protected":false},"featured_media":1476,"comment_status":"closed","ping_status":"closed","template":"","meta":[],"product_brand":[],"product_cat":[34],"product_tag":[35],"class_list":{"0":"post-1419","1":"product","2":"type-product","3":"status-publish","4":"has-post-thumbnail","6":"product_cat-alicate","7":"product_tag-alicate","9":"first","10":"onbackorder","11":"sale","12":"shipping-taxable","13":"purchasable","14":"product-type-simple","15":"customify-col","16":"product-has-gallery"},"_links":{"self":[{"href":"https:\/\/afiador.pt\/index.php?rest_route=\/wp\/v2\/product\/1419","targetHints":{"allow":["GET"]}}],"collection":[{"href":"https:\/\/afiador.pt\/index.php?rest_route=\/wp\/v2\/product"}],"about":[{"href":"https:\/\/afiador.pt\/index.php?rest_route=\/wp\/v2\/types\/product"}],"replies":[{"embeddable":true,"href":"https:\/\/afiador.pt\/index.php?rest_route=%2Fwp%2Fv2%2Fcomments&post=1419"}],"wp:featuredmedia":[{"embeddable":true,"href":"https:\/\/afiador.pt\/index.php?rest_route=\/wp\/v2\/media\/1476"}],"wp:attachment":[{"href":"https:\/\/afiador.pt\/index.php?rest_route=%2Fwp%2Fv2%2Fmedia&parent=1419"}],"wp:term":[{"taxonomy":"product_brand","embeddable":true,"href":"https:\/\/afiador.pt\/index.php?rest_route=%2Fwp%2Fv2%2Fproduct_brand&post=1419"},{"taxonomy":"product_cat","embeddable":true,"href":"https:\/\/afiador.pt\/index.php?rest_route=%2Fwp%2Fv2%2Fproduct_cat&post=1419"},{"taxonomy":"product_tag","embeddable":true,"href":"https:\/\/afiador.pt\/index.php?rest_route=%2Fwp%2Fv2%2Fproduct_tag&post=1419"}],"curies":[{"name":"wp","href":"https:\/\/api.w.org\/{rel}","templated":true}]}}