{"id":7160,"date":"2021-03-04T16:52:21","date_gmt":"2021-03-04T16:52:21","guid":{"rendered":"http:\/\/afiador.pt\/?post_type=product&#038;p=7160"},"modified":"2022-07-18T12:11:57","modified_gmt":"2022-07-18T11:11:57","slug":"afiacao-de-alicate-afiador-de-alicate-afiacaodealicate","status":"publish","type":"product","link":"https:\/\/afiador.pt\/?product=afiacao-de-alicate-afiador-de-alicate-afiacaodealicate","title":{"rendered":"Afia\u00e7\u00e3o de Alicate de Cuticula"},"content":{"rendered":"<p>Os seus alicates precisam ser afiados? N\u00e3o se preocupe que nos tratamos dos seus alicates!<br \/>\nPrecisa Afiar os seus Alicates da Mundial?<\/p>\n<p>Veja o nosso site e marque a sua afia\u00e7\u00e3o<\/p>\n","protected":false},"excerpt":{"rendered":"<p>Os seus alicates precisam ser afiados? N\u00e3o se preocupe que nos tratamos dos seus alicates! Precisa Afiar os seus Alicates da Mundial? Veja o nosso&hellip;<\/p>\n","protected":false},"featured_media":7161,"comment_status":"open","ping_status":"closed","template":"","meta":[],"product_brand":[],"product_cat":[34],"product_tag":[],"class_list":{"0":"post-7160","1":"product","2":"type-product","3":"status-publish","4":"has-post-thumbnail","6":"product_cat-alicate","8":"first","9":"instock","10":"virtual","11":"purchasable","12":"product-type-simple","13":"customify-col"},"_links":{"self":[{"href":"https:\/\/afiador.pt\/index.php?rest_route=\/wp\/v2\/product\/7160","targetHints":{"allow":["GET"]}}],"collection":[{"href":"https:\/\/afiador.pt\/index.php?rest_route=\/wp\/v2\/product"}],"about":[{"href":"https:\/\/afiador.pt\/index.php?rest_route=\/wp\/v2\/types\/product"}],"replies":[{"embeddable":true,"href":"https:\/\/afiador.pt\/index.php?rest_route=%2Fwp%2Fv2%2Fcomments&post=7160"}],"wp:featuredmedia":[{"embeddable":true,"href":"https:\/\/afiador.pt\/index.php?rest_route=\/wp\/v2\/media\/7161"}],"wp:attachment":[{"href":"https:\/\/afiador.pt\/index.php?rest_route=%2Fwp%2Fv2%2Fmedia&parent=7160"}],"wp:term":[{"taxonomy":"product_brand","embeddable":true,"href":"https:\/\/afiador.pt\/index.php?rest_route=%2Fwp%2Fv2%2Fproduct_brand&post=7160"},{"taxonomy":"product_cat","embeddable":true,"href":"https:\/\/afiador.pt\/index.php?rest_route=%2Fwp%2Fv2%2Fproduct_cat&post=7160"},{"taxonomy":"product_tag","embeddable":true,"href":"https:\/\/afiador.pt\/index.php?rest_route=%2Fwp%2Fv2%2Fproduct_tag&post=7160"}],"curies":[{"name":"wp","href":"https:\/\/api.w.org\/{rel}","templated":true}]}}