{"id":7495,"date":"2023-01-20T16:48:42","date_gmt":"2023-01-20T16:48:42","guid":{"rendered":"https:\/\/afiador.pt\/?post_type=product&#038;p=7495"},"modified":"2023-01-20T16:57:34","modified_gmt":"2023-01-20T16:57:34","slug":"kit-promocao","status":"publish","type":"product","link":"https:\/\/afiador.pt\/?product=kit-promocao","title":{"rendered":"Kit Promo\u00e7\u00e3o"},"content":{"rendered":"<p>Kit promo\u00e7\u00e3o<\/p>\n<p>6 alicates afiados da mundial por apenas 99,99\u20ac<\/p>\n","protected":false},"excerpt":{"rendered":"<p>Kit promo\u00e7\u00e3o 6 alicates afiados da mundial por apenas 99,99\u20ac<\/p>\n","protected":false},"featured_media":7496,"comment_status":"open","ping_status":"closed","template":"","meta":[],"product_brand":[],"product_cat":[34],"product_tag":[],"class_list":{"0":"post-7495","1":"product","2":"type-product","3":"status-publish","4":"has-post-thumbnail","6":"product_cat-alicate","8":"first","9":"instock","10":"sale","11":"shipping-taxable","12":"purchasable","13":"product-type-simple","14":"customify-col","15":"product-has-gallery"},"_links":{"self":[{"href":"https:\/\/afiador.pt\/index.php?rest_route=\/wp\/v2\/product\/7495","targetHints":{"allow":["GET"]}}],"collection":[{"href":"https:\/\/afiador.pt\/index.php?rest_route=\/wp\/v2\/product"}],"about":[{"href":"https:\/\/afiador.pt\/index.php?rest_route=\/wp\/v2\/types\/product"}],"replies":[{"embeddable":true,"href":"https:\/\/afiador.pt\/index.php?rest_route=%2Fwp%2Fv2%2Fcomments&post=7495"}],"wp:featuredmedia":[{"embeddable":true,"href":"https:\/\/afiador.pt\/index.php?rest_route=\/wp\/v2\/media\/7496"}],"wp:attachment":[{"href":"https:\/\/afiador.pt\/index.php?rest_route=%2Fwp%2Fv2%2Fmedia&parent=7495"}],"wp:term":[{"taxonomy":"product_brand","embeddable":true,"href":"https:\/\/afiador.pt\/index.php?rest_route=%2Fwp%2Fv2%2Fproduct_brand&post=7495"},{"taxonomy":"product_cat","embeddable":true,"href":"https:\/\/afiador.pt\/index.php?rest_route=%2Fwp%2Fv2%2Fproduct_cat&post=7495"},{"taxonomy":"product_tag","embeddable":true,"href":"https:\/\/afiador.pt\/index.php?rest_route=%2Fwp%2Fv2%2Fproduct_tag&post=7495"}],"curies":[{"name":"wp","href":"https:\/\/api.w.org\/{rel}","templated":true}]}}